{"id":1697,"date":"2025-02-15T19:02:39","date_gmt":"2025-02-15T17:02:39","guid":{"rendered":"http:\/\/www.naturverbundene-kinderbetreuung.de\/?page_id=1697"},"modified":"2026-01-26T19:45:43","modified_gmt":"2026-01-26T17:45:43","slug":"preise","status":"publish","type":"page","link":"https:\/\/www.naturverbundene-kinderbetreuung.de\/?page_id=1697","title":{"rendered":"Preise Tagesmutter"},"content":{"rendered":"<p style=\"text-align: left;\"><span style=\"color: #800000;\"><a style=\"color: #800000;\" href=\"http:\/\/www.naturverbundene-kinderbetreuung.de\/wp-content\/uploads\/2014\/12\/B\u00e4r-2.jpg\"><img loading=\"lazy\" decoding=\"async\" class=\"alignleft wp-image-1083\" title=\"Tagesmutter Oranienburg\" src=\"http:\/\/www.naturverbundene-kinderbetreuung.de\/wp-content\/uploads\/2014\/12\/B\u00e4r-2-245x300.jpg\" alt=\"\" width=\"150\" height=\"184\" srcset=\"https:\/\/www.naturverbundene-kinderbetreuung.de\/wp-content\/uploads\/2014\/12\/B\u00e4r-2-245x300.jpg 245w, https:\/\/www.naturverbundene-kinderbetreuung.de\/wp-content\/uploads\/2014\/12\/B\u00e4r-2.jpg 496w\" sizes=\"auto, (max-width: 150px) 100vw, 150px\" \/><\/a>Bis zum 3. Lebensjahr wird noch Kitabeitrag erhoben.<br \/>\nAb dem 3.Lebensjahr ist die Betreuung kostenlos.<br \/>\n<\/span><\/p>\n<p style=\"text-align: left;\"><span style=\"color: #800000;\">Die Betreuung bei mir als Tagesmutter \u00fcber den Landkreis Oberhavel ist sogar etwas preiswerter als ein Krippenplatz \u00fcber\u00a0 Ihre Stadt.<\/span><\/p>\n<p style=\"text-align: left;\"><span style=\"color: #800000;\"><span class=\"font-size-18\">Die Zust\u00e4ndigkeit der Kindertagespflege liegt beim Fachbereich Jugend des Landkreises Oberhavel. <\/span><\/span><span style=\"color: #800000;\"><span class=\"font-size-18\">Dort melde ich den\u00a0 \u00a0 \u00a0 \u00a0 \u00a0 \u00a0 \u00a0 \u00a0 \u00a0 \u00a0 \u00a0 \u00a0 \u00a0 \u00a0 \u00a0 \u00a0 \u00a0 \u00a0 \u00a0 \u00a0 \u00a0 \u00a0 \u00a0 \u00a0 \u00a0 \u00a0 \u00a0 \u00a0 \u00a0 \u00a0 \u00a0 \u00a0 \u00a0 \u00a0 \u00a0 \u00a0 \u00a0 \u00a0abgeschlossenen Betreuungsvertrag.<\/span><\/span><\/p>\n<p style=\"text-align: left;\"><span style=\"color: #800000;\">Die Kitageb\u00fchr richtet sich nach Ihrem Einkommen und den Betreuungsstunden &#8211; zus\u00e4tzlich zu den Betreuungsstunden z\u00e4hlt der Fahrweg zu mir.<\/span><br \/>\n<span style=\"color: #800000;\">Informationen dazu erhalten Sie in der Kitasatzung und bei Ihrem zust\u00e4ndigen Sachbearbeiter. <span class=\"font-size-18\">( Info Links)<br \/>\n<\/span><span class=\"font-size-18\">Der Elternbeitrag wird Einkommensabh\u00e4ngig f\u00fcr die Betreuung des Kindes festgesetzt. <\/span><span class=\"font-size-18\"><br \/>\n<\/span><\/span><\/p>\n<p style=\"text-align: left;\"><span style=\"color: #800000;\"><strong>\u00a0<\/strong><\/span><\/p>\n","protected":false},"excerpt":{"rendered":"<p>Bis zum 3. Lebensjahr wird noch Kitabeitrag erhoben. Ab dem 3.Lebensjahr ist die Betreuung kostenlos. Die Betreuung bei mir als Tagesmutter \u00fcber den Landkreis Oberhavel ist sogar etwas preiswerter als ein Krippenplatz \u00fcber\u00a0 Ihre Stadt. Die Zust\u00e4ndigkeit der Kindertagespflege liegt beim Fachbereich Jugend des Landkreises Oberhavel. Dort melde ich den\u00a0 \u00a0 \u00a0 \u00a0 \u00a0 \u00a0 [&hellip;]<\/p>\n","protected":false},"author":1,"featured_media":0,"parent":0,"menu_order":0,"comment_status":"closed","ping_status":"closed","template":"","meta":{"footnotes":""},"class_list":["post-1697","page","type-page","status-publish","hentry"],"_links":{"self":[{"href":"https:\/\/www.naturverbundene-kinderbetreuung.de\/index.php?rest_route=\/wp\/v2\/pages\/1697","targetHints":{"allow":["GET"]}}],"collection":[{"href":"https:\/\/www.naturverbundene-kinderbetreuung.de\/index.php?rest_route=\/wp\/v2\/pages"}],"about":[{"href":"https:\/\/www.naturverbundene-kinderbetreuung.de\/index.php?rest_route=\/wp\/v2\/types\/page"}],"author":[{"embeddable":true,"href":"https:\/\/www.naturverbundene-kinderbetreuung.de\/index.php?rest_route=\/wp\/v2\/users\/1"}],"replies":[{"embeddable":true,"href":"https:\/\/www.naturverbundene-kinderbetreuung.de\/index.php?rest_route=%2Fwp%2Fv2%2Fcomments&post=1697"}],"version-history":[{"count":8,"href":"https:\/\/www.naturverbundene-kinderbetreuung.de\/index.php?rest_route=\/wp\/v2\/pages\/1697\/revisions"}],"predecessor-version":[{"id":1769,"href":"https:\/\/www.naturverbundene-kinderbetreuung.de\/index.php?rest_route=\/wp\/v2\/pages\/1697\/revisions\/1769"}],"wp:attachment":[{"href":"https:\/\/www.naturverbundene-kinderbetreuung.de\/index.php?rest_route=%2Fwp%2Fv2%2Fmedia&parent=1697"}],"curies":[{"name":"wp","href":"https:\/\/api.w.org\/{rel}","templated":true}]}}