{"id":1700,"date":"2025-02-15T19:07:27","date_gmt":"2025-02-15T17:07:27","guid":{"rendered":"http:\/\/www.naturverbundene-kinderbetreuung.de\/?page_id=1700"},"modified":"2025-02-17T10:41:29","modified_gmt":"2025-02-17T08:41:29","slug":"rechtliches","status":"publish","type":"page","link":"https:\/\/www.naturverbundene-kinderbetreuung.de\/?page_id=1700","title":{"rendered":"rechtliches"},"content":{"rendered":"<p><span style=\"color: #800000;\"><b><a href=\"http:\/\/www.naturverbundene-kinderbetreuung.de\/wp-content\/uploads\/2014\/12\/B\u00e4r-2.jpg\"><img loading=\"lazy\" decoding=\"async\" class=\"wp-image-1083 size-medium alignleft\" src=\"http:\/\/www.naturverbundene-kinderbetreuung.de\/wp-content\/uploads\/2014\/12\/B\u00e4r-2-245x300.jpg\" alt=\"\" width=\"245\" height=\"300\" srcset=\"https:\/\/www.naturverbundene-kinderbetreuung.de\/wp-content\/uploads\/2014\/12\/B\u00e4r-2-245x300.jpg 245w, https:\/\/www.naturverbundene-kinderbetreuung.de\/wp-content\/uploads\/2014\/12\/B\u00e4r-2.jpg 496w\" sizes=\"auto, (max-width: 245px) 100vw, 245px\" \/>Betreffend Betreuung auch als Tagesmutter<\/a>:<\/b><\/span><\/p>\n<p><span style=\"color: #800000;\">SGB VIII \u00a7 5 \u201eDie Leistungsberechtigten haben das Recht, zwischen Einrichtungen und Diensten verschiedener Tr\u00e4ger zu w\u00e4hlen \u2026\u201c\u00a0<strong> <em>[ das so genannte Wunsch und Wahlrecht der Eltern ]<\/em><\/strong>d.h.\u00a0 Die Eltern entscheiden, ob ihr Kind bei einer KTPP oder in eine Kita betreut wird und bis zu welchem Lebensalter das Kind in der Tagespflege bleibt.<\/span><\/p>\n<p>&nbsp;<\/p>\n<p><span style=\"color: #800000;\">\u00a7 1 SGB VIII Recht auf Erziehung, Elternverantwortung, Jugendhilfe<\/span><\/p>\n<div class=\"ParaAbsatz\"><span style=\"color: #800000;\">(1) Jeder junge Mensch hat ein Recht auf <strong>F\u00f6rderung seiner Entwicklung<\/strong> und auf <strong>Erziehung<\/strong> zu einer\u00a0 <strong>eigenverantwortlichen\u00a0<\/strong> und <strong>gemeinschaftsf\u00e4higen \u00a0<\/strong> Pers\u00f6nlichkeit.<\/span><\/div>\n<div class=\"ParaAbsatz\"><span style=\"color: #800000;\">(2) Pflege und <strong>Erziehung<\/strong> der Kinder sind das nat\u00fcrliche Recht der Eltern und <strong>die zuv\u00f6rderst ihnen obliegende Pflicht<\/strong>. \u00dcber ihre Bet\u00e4tigung wacht die staatliche Gemeinschaft.<\/span><\/div>\n<div class=\"ParaAbsatz\">\n<p><span style=\"color: #800000;\">(3) Jugendhilfe soll zur Verwirklichung des Rechts nach Absatz 1 insbesondere<\/span><\/p>\n<dl>\n<dd>\n<div class=\"ParaDef\"><span style=\"color: #800000;\">1.junge Menschen in ihrer individuellen und sozialen Entwicklung f\u00f6rdern und dazu beitragen, Benachteiligungen zu vermeiden oder abzubauen,<\/span><\/div>\n<div class=\"ParaDef\"><span style=\"color: #800000;\">2.Eltern und andere Erziehungsberechtigte bei der Erziehung beraten und unterst\u00fctzen,<\/span><\/div>\n<div class=\"ParaDef\"><span style=\"color: #800000;\">3.Kinder und Jugendliche vor Gefahren f\u00fcr ihr Wohl sch\u00fctzen,<\/span><\/div>\n<div class=\"ParaDef\"><span style=\"color: #800000;\">4.dazu beitragen, positive Lebensbedingungen f\u00fcr junge Menschen und ihre Familien sowie eine kinder- und familienfreundliche Umwelt zu erhalten oder zu schaffen.<\/span><\/div>\n<\/dd>\n<dd><\/dd>\n<\/dl>\n<\/div>\n<p>&nbsp;<\/p>\n<p><span style=\"color: #800000;\">SGB VIII\u00a0 \u00a7 22\u00a0 Grunds\u00e4tze der F\u00f6rderung<\/span><br \/>\n<span style=\"color: #800000;\">(3) Der F\u00f6rderungsauftrag umfasst\u00a0 <strong>Erziehung,\u00a0 Bildung\u00a0 <\/strong>und<strong>\u00a0 Betreuung<\/strong> des Kindes und bezieht sich auf die\u00a0 <strong>soziale ,\u00a0 emotionale ,\u00a0 k\u00f6rperliche\u00a0<\/strong> und\u00a0 <strong>geistige\u00a0<\/strong> Entwicklung des Kindes. Er schlie\u00dft die Vermittlung orientierender<strong>\u00a0 Werte\u00a0<\/strong> und\u00a0 <strong>Regeln\u00a0<\/strong> ein. Die F\u00f6rderung soll sich am\u00a0 <strong>Alter\u00a0<\/strong> und\u00a0 <strong>Entwicklungsstand <\/strong>, den\u00a0 <strong>sprachlichen\u00a0<\/strong> und\u00a0\u00a0 <strong>sonstigen F\u00e4higkeiten <\/strong>, der\u00a0 <strong>Lebenssituation\u00a0<\/strong> sowie den\u00a0 <strong>Interessen\u00a0<\/strong> und\u00a0 <strong>Bed\u00fcrfnissen<\/strong>\u00a0 des einzelnen Kindes orientieren und seine ethnische Herkunft ber\u00fccksichtigen.<\/span><\/p>\n<p><span style=\"color: #800000;\">SGB VIII \u00a7 22 a F\u00f6rderung in Tageseinrichtungen(3) \u201e\u2026Werden Einrichtungen in den Ferienzeiten geschlossen, so hat <em>der Tr\u00e4ger<\/em> der \u00f6ffentlichen Jugendhilfe f\u00fcr die Kinder, die nicht von den Erziehungsberechtigten betreut werden k\u00f6nnen, <em>eine anderweitige Betreuungsm\u00f6glichkeit sicherzustellen<\/em>.\u201c<\/span><\/p>\n","protected":false},"excerpt":{"rendered":"<p>Betreffend Betreuung auch als Tagesmutter: SGB VIII \u00a7 5 \u201eDie Leistungsberechtigten haben das Recht, zwischen Einrichtungen und Diensten verschiedener Tr\u00e4ger zu w\u00e4hlen \u2026\u201c\u00a0 [ das so genannte Wunsch und Wahlrecht der Eltern ]d.h.\u00a0 Die Eltern entscheiden, ob ihr Kind bei einer KTPP oder in eine Kita betreut wird und bis zu welchem Lebensalter das Kind [&hellip;]<\/p>\n","protected":false},"author":1,"featured_media":0,"parent":0,"menu_order":0,"comment_status":"closed","ping_status":"closed","template":"","meta":{"footnotes":""},"class_list":["post-1700","page","type-page","status-publish","hentry"],"_links":{"self":[{"href":"https:\/\/www.naturverbundene-kinderbetreuung.de\/index.php?rest_route=\/wp\/v2\/pages\/1700","targetHints":{"allow":["GET"]}}],"collection":[{"href":"https:\/\/www.naturverbundene-kinderbetreuung.de\/index.php?rest_route=\/wp\/v2\/pages"}],"about":[{"href":"https:\/\/www.naturverbundene-kinderbetreuung.de\/index.php?rest_route=\/wp\/v2\/types\/page"}],"author":[{"embeddable":true,"href":"https:\/\/www.naturverbundene-kinderbetreuung.de\/index.php?rest_route=\/wp\/v2\/users\/1"}],"replies":[{"embeddable":true,"href":"https:\/\/www.naturverbundene-kinderbetreuung.de\/index.php?rest_route=%2Fwp%2Fv2%2Fcomments&post=1700"}],"version-history":[{"count":2,"href":"https:\/\/www.naturverbundene-kinderbetreuung.de\/index.php?rest_route=\/wp\/v2\/pages\/1700\/revisions"}],"predecessor-version":[{"id":1733,"href":"https:\/\/www.naturverbundene-kinderbetreuung.de\/index.php?rest_route=\/wp\/v2\/pages\/1700\/revisions\/1733"}],"wp:attachment":[{"href":"https:\/\/www.naturverbundene-kinderbetreuung.de\/index.php?rest_route=%2Fwp%2Fv2%2Fmedia&parent=1700"}],"curies":[{"name":"wp","href":"https:\/\/api.w.org\/{rel}","templated":true}]}}