{"id":1703,"date":"2025-02-15T19:18:53","date_gmt":"2025-02-15T17:18:53","guid":{"rendered":"http:\/\/www.naturverbundene-kinderbetreuung.de\/?page_id=1703"},"modified":"2026-01-26T19:43:30","modified_gmt":"2026-01-26T17:43:30","slug":"zeiten-tagesablauf","status":"publish","type":"page","link":"https:\/\/www.naturverbundene-kinderbetreuung.de\/?page_id=1703","title":{"rendered":"Zeiten &#038; Tagesablauf"},"content":{"rendered":"<p><a href=\"http:\/\/www.naturverbundene-kinderbetreuung.de\/wp-content\/uploads\/2014\/12\/B\u00e4r-2.jpg\"><img loading=\"lazy\" decoding=\"async\" class=\"alignleft wp-image-1083 size-medium\" src=\"http:\/\/www.naturverbundene-kinderbetreuung.de\/wp-content\/uploads\/2014\/12\/B\u00e4r-2-245x300.jpg\" alt=\"\" width=\"245\" height=\"300\" srcset=\"https:\/\/www.naturverbundene-kinderbetreuung.de\/wp-content\/uploads\/2014\/12\/B\u00e4r-2-245x300.jpg 245w, https:\/\/www.naturverbundene-kinderbetreuung.de\/wp-content\/uploads\/2014\/12\/B\u00e4r-2.jpg 496w\" sizes=\"auto, (max-width: 245px) 100vw, 245px\" \/><\/a><\/p>\n<p><span style=\"color: #800000;\"><strong>Kernbetreuungszeiten:<\/strong><\/span><\/p>\n<p><span style=\"color: #800000;\">\u00a0Montag bis Freitag: 7:30Uhr \u2013 15:30Uhr<\/span><\/p>\n<p><span style=\"color: #800000;\">\u00a0Nach Absprache betreue ich auch ab<\/span><\/p>\n<p><span style=\"color: #800000;\">6 Uhr und fr\u00fcher &#8211; abh\u00e4ngig von den vereinbarten Betreuungsstunden<\/span><\/p>\n<p>&nbsp;<\/p>\n<p><span style=\"color: #800000;\"><b>Tagesablauf circa<\/b><\/span><\/p>\n<p style=\"text-align: center;\"><span style=\"color: #800000;\">\u00a0Ab ~ 6:00 Uhr\u00a0 Kinder gehen noch einmal schlafen, bzw. ruhen<\/span><\/p>\n<p style=\"text-align: center;\"><span style=\"color: #800000;\">\u00a0~ 7:30 Morgenkreis am Fr\u00fchst\u00fcckstisch mit anschlie\u00dfendem Fr\u00fchst\u00fcck\u00a0<\/span><\/p>\n<p style=\"text-align: center;\"><span style=\"color: #800000;\">danach freihes Spiel, p\u00e4dagogische Angebote, schauen und helfen bei der Essenzubereitung<\/span><\/p>\n<p style=\"text-align: center;\"><span style=\"color: #800000;\">~ 9 \u2013 10:20 Uhr gehen wir in die Natur.<\/span><\/p>\n<p style=\"text-align: center;\"><span style=\"color: #800000;\">~ 11,00 Uhr gehen wir wieder ins Haus zum Essen<\/span><\/p>\n<p style=\"text-align: center;\"><span style=\"color: #800000;\">~ 12 Uhr bis 14,30 Uhr Mittagsruhe<\/span><\/p>\n<p style=\"text-align: center;\"><span style=\"color: #800000;\">Danach Vesper<\/span><\/p>\n<p style=\"text-align: center;\"><span style=\"color: #800000;\">Ab 14,50 Uhr k\u00f6nnen die Kinder abgeholt werden.<\/span><\/p>\n<p>&nbsp;<\/p>\n<p>&nbsp;<\/p>\n","protected":false},"excerpt":{"rendered":"<p>Kernbetreuungszeiten: \u00a0Montag bis Freitag: 7:30Uhr \u2013 15:30Uhr \u00a0Nach Absprache betreue ich auch ab 6 Uhr und fr\u00fcher &#8211; abh\u00e4ngig von den vereinbarten Betreuungsstunden &nbsp; Tagesablauf circa \u00a0Ab ~ 6:00 Uhr\u00a0 Kinder gehen noch einmal schlafen, bzw. ruhen \u00a0~ 7:30 Morgenkreis am Fr\u00fchst\u00fcckstisch mit anschlie\u00dfendem Fr\u00fchst\u00fcck\u00a0 danach freihes Spiel, p\u00e4dagogische Angebote, schauen und helfen bei der [&hellip;]<\/p>\n","protected":false},"author":1,"featured_media":0,"parent":0,"menu_order":0,"comment_status":"closed","ping_status":"closed","template":"","meta":{"footnotes":""},"class_list":["post-1703","page","type-page","status-publish","hentry"],"_links":{"self":[{"href":"https:\/\/www.naturverbundene-kinderbetreuung.de\/index.php?rest_route=\/wp\/v2\/pages\/1703","targetHints":{"allow":["GET"]}}],"collection":[{"href":"https:\/\/www.naturverbundene-kinderbetreuung.de\/index.php?rest_route=\/wp\/v2\/pages"}],"about":[{"href":"https:\/\/www.naturverbundene-kinderbetreuung.de\/index.php?rest_route=\/wp\/v2\/types\/page"}],"author":[{"embeddable":true,"href":"https:\/\/www.naturverbundene-kinderbetreuung.de\/index.php?rest_route=\/wp\/v2\/users\/1"}],"replies":[{"embeddable":true,"href":"https:\/\/www.naturverbundene-kinderbetreuung.de\/index.php?rest_route=%2Fwp%2Fv2%2Fcomments&post=1703"}],"version-history":[{"count":4,"href":"https:\/\/www.naturverbundene-kinderbetreuung.de\/index.php?rest_route=\/wp\/v2\/pages\/1703\/revisions"}],"predecessor-version":[{"id":1768,"href":"https:\/\/www.naturverbundene-kinderbetreuung.de\/index.php?rest_route=\/wp\/v2\/pages\/1703\/revisions\/1768"}],"wp:attachment":[{"href":"https:\/\/www.naturverbundene-kinderbetreuung.de\/index.php?rest_route=%2Fwp%2Fv2%2Fmedia&parent=1703"}],"curies":[{"name":"wp","href":"https:\/\/api.w.org\/{rel}","templated":true}]}}