{"id":310,"date":"2013-11-04T13:52:56","date_gmt":"2013-11-04T11:52:56","guid":{"rendered":"http:\/\/www.naturverbundene-kinderbetreuung.de\/?page_id=310"},"modified":"2025-10-06T11:59:50","modified_gmt":"2025-10-06T09:59:50","slug":"unsere-partner","status":"publish","type":"page","link":"https:\/\/www.naturverbundene-kinderbetreuung.de\/?page_id=310","title":{"rendered":"Info Links"},"content":{"rendered":"<p style=\"text-align: center;\"><a href=\"http:\/\/www.naturverbundene-kinderbetreuung.de\/wp-content\/uploads\/2014\/12\/B\u00e4r-2.jpg\"><img loading=\"lazy\" decoding=\"async\" class=\"aligncenter wp-image-1083 size-thumbnail\" src=\"http:\/\/www.naturverbundene-kinderbetreuung.de\/wp-content\/uploads\/2014\/12\/B\u00e4r-2-150x150.jpg\" alt=\"B\u00e4r 2\" width=\"150\" height=\"150\" \/><\/a><\/p>\n<p style=\"text-align: center;\"><span style=\"text-decoration: underline; color: #800000;\">Infos f\u00fcr Eltern:<\/span><\/p>\n<p>&nbsp;<\/p>\n<p>1. Vertragsabschlu\u00df mit mir als Kindertagespflegeperson<\/p>\n<p><span style=\"color: #0000ff;\"><span style=\"color: #000000;\">2<\/span>. &#8222;Rechtsanspruchpr\u00fcfungsbescheid&#8220;<\/span> bei Ihrer Stadt\/Kitaverwaltung ausf\u00fcllen und abgeben: ( Hier nur Links f\u00fcr Oranienburg, f\u00fcr die anderen Gemeinden w\u00e4hre es hier zu umfangreich)<\/p>\n<p>Oranienburg:<\/p>\n<p><a href=\"https:\/\/onlinedienste.form-solutions.de\/metaform\/Form-Solutions\/?2&amp;releaseUserId=12065256-0001-0087&amp;releaseID=658e8cd9fb353325c8a83633&amp;releaseOrganizationID=12065256-0001&amp;assistant=KFAS_48&amp;translation=false&amp;storable=true&amp;consentComplete=true&amp;fileUrl=https%253A%252F%252Fonlinedienste.form-solutions.de%252Fmetaform%252FForm-Solutions%252Fsid%252Fassistant%252F658e8cd9fb353325c8a83633%253FconsentComplete%253Dtrue&amp;oID=12065256-0001&amp;kdnr=12065256-0001\"><span style=\"color: #3366ff;\"><span style=\"color: #0000ff;\">https:\/\/onlinedienste.form-solutions.de\/metaform\/Form-Solutions\/?2&amp;releaseUserId=12065256-0001-0087&amp;releaseID=658e8cd9fb353325c8a83633&amp;releaseOrganizationID=12065256-0001&amp;assistant=KFAS_48&amp;translation=false&amp;storable=true&amp;consentComplete=true&amp;fileUrl=https%253A%252F%252Fonlinedienste.form-solutions.de%252Fmetaform%252FForm-Solutions%252Fsid%252Fassistant%252F658e8cd9fb353325c8a83633%253FconsentComplete%253Dtrue&amp;oID=12065256-0001&amp;kdnr=12065256-0001<\/span><\/span><\/a><\/p>\n<p>Best\u00e4tigung des Arbeitgebers\/Aus-\/Weiterbildungstr\u00e4gers<br \/>\n(auch bei Selbstst\u00e4ndigkeit) &#8211; Zur Vorlage Landkreis Oberhavel<\/p>\n<p><a href=\"https:\/\/oranienburg.de\/media\/custom\/2967_1466_1.PDF?1534764546\"><span style=\"color: #0000ff;\"><span style=\"color: #339966;\"><span style=\"color: #008000;\">https:\/\/oranienburg.de\/media\/custom\/2967_1466_1.PDF?1534764546<\/span><\/span><\/span><\/a><\/p>\n<p>Ansprechpartner Kindertagespflege Landkreis Oberhavel<br \/>\nLandkreis Oberhavel, Dezernat V \u2013 Jugend, Gesundheit und Verbraucherschutz, Fachbereich Jugend, FD Jugendf\u00f6rderung, Fr\u00fchkindliche Bildung, SB Kitaverwaltung\/ Kindertagespflege<br \/>\nFrau Schulz Tel: 03301 601-4465<br \/>\nFrau Wernstedt Tel: 03301 601-4465<br \/>\nMail:<span style=\"color: #008000;\"> kindertagespflege@oberhavel.de<\/span><\/p>\n<p style=\"text-align: left;\"><a href=\"https:\/\/www.oberhavel.de\/media\/custom\/2244_100347_1.PDF?1721909256\"><span style=\"color: #0000ff;\">Eltern Beitr\u00e4ge Kindertagespflege<\/span><\/a><\/p>\n<p style=\"text-align: left;\"><span style=\"color: #0000ff;\"><a style=\"color: #0000ff;\" title=\"netzwerk gesunde kinder\" href=\"https:\/\/www.netzwerk-gesunde-kinder.de\/oberhavel\/\">Netzwerk gesunde Kinder<\/a><\/span><\/p>\n<p style=\"text-align: left;\"><a href=\"https:\/\/www.kinderbuch-couch.de\/altersstufen.html\"><span style=\"color: #0000ff;\">https:\/\/www.kinderbuch-couch.de\/altersstufen.html<\/span><\/a><\/p>\n<p style=\"text-align: center;\"><span style=\"text-decoration: underline; color: #800000;\">Tiertherapie<\/span><\/p>\n<p style=\"text-align: center;\"><span style=\"color: #800000;\">Eine tolle P\u00e4dagogenkollegin sehr zu empfehlen<\/span><\/p>\n<p style=\"text-align: center;\"><span style=\"color: #0000ff;\"><a style=\"color: #0000ff;\" href=\"http:\/\/www.therapiehunde-berlin.de\/index.html\">http:\/\/www.therapiehunde-berlin.de\/index.html<\/a><\/span><\/p>\n","protected":false},"excerpt":{"rendered":"<p>Infos f\u00fcr Eltern: &nbsp; 1. Vertragsabschlu\u00df mit mir als Kindertagespflegeperson 2. &#8222;Rechtsanspruchpr\u00fcfungsbescheid&#8220; bei Ihrer Stadt\/Kitaverwaltung ausf\u00fcllen und abgeben: ( Hier nur Links f\u00fcr Oranienburg, f\u00fcr die anderen Gemeinden w\u00e4hre es hier zu umfangreich) Oranienburg: https:\/\/onlinedienste.form-solutions.de\/metaform\/Form-Solutions\/?2&amp;releaseUserId=12065256-0001-0087&amp;releaseID=658e8cd9fb353325c8a83633&amp;releaseOrganizationID=12065256-0001&amp;assistant=KFAS_48&amp;translation=false&amp;storable=true&amp;consentComplete=true&amp;fileUrl=https%253A%252F%252Fonlinedienste.form-solutions.de%252Fmetaform%252FForm-Solutions%252Fsid%252Fassistant%252F658e8cd9fb353325c8a83633%253FconsentComplete%253Dtrue&amp;oID=12065256-0001&amp;kdnr=12065256-0001 Best\u00e4tigung des Arbeitgebers\/Aus-\/Weiterbildungstr\u00e4gers (auch bei Selbstst\u00e4ndigkeit) &#8211; Zur Vorlage Landkreis Oberhavel https:\/\/oranienburg.de\/media\/custom\/2967_1466_1.PDF?1534764546 Ansprechpartner Kindertagespflege Landkreis Oberhavel Landkreis Oberhavel, Dezernat V [&hellip;]<\/p>\n","protected":false},"author":1,"featured_media":0,"parent":0,"menu_order":10,"comment_status":"closed","ping_status":"closed","template":"","meta":{"footnotes":""},"class_list":["post-310","page","type-page","status-publish","hentry"],"_links":{"self":[{"href":"https:\/\/www.naturverbundene-kinderbetreuung.de\/index.php?rest_route=\/wp\/v2\/pages\/310","targetHints":{"allow":["GET"]}}],"collection":[{"href":"https:\/\/www.naturverbundene-kinderbetreuung.de\/index.php?rest_route=\/wp\/v2\/pages"}],"about":[{"href":"https:\/\/www.naturverbundene-kinderbetreuung.de\/index.php?rest_route=\/wp\/v2\/types\/page"}],"author":[{"embeddable":true,"href":"https:\/\/www.naturverbundene-kinderbetreuung.de\/index.php?rest_route=\/wp\/v2\/users\/1"}],"replies":[{"embeddable":true,"href":"https:\/\/www.naturverbundene-kinderbetreuung.de\/index.php?rest_route=%2Fwp%2Fv2%2Fcomments&post=310"}],"version-history":[{"count":93,"href":"https:\/\/www.naturverbundene-kinderbetreuung.de\/index.php?rest_route=\/wp\/v2\/pages\/310\/revisions"}],"predecessor-version":[{"id":1761,"href":"https:\/\/www.naturverbundene-kinderbetreuung.de\/index.php?rest_route=\/wp\/v2\/pages\/310\/revisions\/1761"}],"wp:attachment":[{"href":"https:\/\/www.naturverbundene-kinderbetreuung.de\/index.php?rest_route=%2Fwp%2Fv2%2Fmedia&parent=310"}],"curies":[{"name":"wp","href":"https:\/\/api.w.org\/{rel}","templated":true}]}}