{"id":41,"date":"2013-10-11T11:47:15","date_gmt":"2013-10-11T09:47:15","guid":{"rendered":"http:\/\/www.naturverbundene-kinderbetreuung.de\/?page_id=41"},"modified":"2026-01-26T19:38:16","modified_gmt":"2026-01-26T17:38:16","slug":"konzept","status":"publish","type":"page","link":"https:\/\/www.naturverbundene-kinderbetreuung.de\/?page_id=41","title":{"rendered":"Konzept"},"content":{"rendered":"<p style=\"text-align: center;\"><b><span style=\"color: #008000;\"><a href=\"http:\/\/www.naturverbundene-kinderbetreuung.de\/wp-content\/uploads\/2014\/12\/B\u00e4r-2.jpg\"><img loading=\"lazy\" decoding=\"async\" class=\"alignleft wp-image-1083\" src=\"http:\/\/www.naturverbundene-kinderbetreuung.de\/wp-content\/uploads\/2014\/12\/B\u00e4r-2-245x300.jpg\" alt=\"B\u00e4r 2\" width=\"150\" height=\"184\" srcset=\"https:\/\/www.naturverbundene-kinderbetreuung.de\/wp-content\/uploads\/2014\/12\/B\u00e4r-2-245x300.jpg 245w, https:\/\/www.naturverbundene-kinderbetreuung.de\/wp-content\/uploads\/2014\/12\/B\u00e4r-2.jpg 496w\" sizes=\"auto, (max-width: 150px) 100vw, 150px\" \/><\/a><\/span><\/b><\/p>\n<p style=\"text-align: left;\"><span style=\"color: #800000;\">Die Betreuung der Kleinsten findet bei mir als Tagesmutter in einem famili\u00e4ren Rahmen statt. So genie\u00dfen wir die Mahlzeiten zusammen am Esstisch, k\u00f6nnen dabei auch kleine Unterhaltungen f\u00fchren.\u00a0<\/span><br \/>\n<span style=\"color: #800000;\">Die Kleinen erleben, beteiligen sich bei der Essenzubereitung.\u00a0<\/span><br \/>\n<span style=\"color: #800000;\">Sie sehen Anbau und Pflege von Gem\u00fcse und Obst.<\/span><span style=\"color: #800000;\"> Gerne ernten und naschen sie auch davon.<\/span><br \/>\n<span style=\"color: #800000;\">Ganz toll finden sie auch meinen Mann bei seinen vielen T\u00e4tigkeiten zuzusehen.<\/span><br \/>\n<span style=\"color: #800000;\">Wir gehen zusammen in den Garten oder spazieren, je nach Witterung und Lust der Kinder.<\/span><br \/>\n<span style=\"color: #800000;\">Da darf es auch ein kleines Planschbecken im Sommer sein. Die Kleinen haben hier viele M\u00f6glichkeiten Ihren Bewegungsdrang auszuleben. Weiterhin sind die unterschiedlichsten Spiel-, Lernmaterialien vorhanden. Spielen hei\u00dft im Prozess sein; Kinder verwandeln und bearbeiten Dinge.<\/span><\/p>\n<p style=\"text-align: center;\"><span style=\"color: #800000;\"><em> Ich ermutige und f\u00f6rdere die Kinder dabei neue Anforderungen zu \u00fcberwinden, Selbstkompetenz und Empathie &#8211; dem Alter des Kindes entsprechend\u00a0 &#8211; herauszubilden.<\/em><\/span><\/p>\n<p style=\"text-align: center;\"><span style=\"color: #800000;\"><strong>Meine Wertsch\u00e4tzende, \u00f6kologische Einstellung gegen\u00fcber Natur und Tieren spiegelt sich in meiner t\u00e4glichen Betreuung wieder.<\/strong><\/span><\/p>\n<p style=\"text-align: center;\"><span style=\"color: #800000;\">So benutze ich auch gerne Ihre mitgebrachten Baumwollwindeln.<\/span><\/p>\n<p style=\"text-align: center;\"><span style=\"color: #ff9900;\"><strong>Als Tagesmutter bereite ich alle Mahlzeiten selbst zu.<br \/>\n<\/strong><\/span><span style=\"color: #ff9900;\"><strong>Wir sind Gem\u00fcse ganzjahres Selbstversorger.<br \/>\n<\/strong><\/span><strong><span style=\"color: #ff9900;\">Selbstgebackenes Brot mit Sauerteig.<\/span><\/strong><\/p>\n<p style=\"text-align: center;\"><span style=\"color: #800000;\"><strong>\u00a0Kurzkonzept<\/strong><\/span><\/p>\n<p style=\"text-align: left;\"><span style=\"color: #800000;\"><b>Flora und Fauna <\/b>aktiv erkunden Pflanzen- und Tierwelt in ihrem nat\u00fcrlichem LebensraumDie Kinder erleben die Natur im Wechsel der Jahreszeiten mit allen Sinnen: Tasten, Sehen, H\u00f6ren, Riechen, Schmecken, Gleichgewichtssinn und K\u00f6rperwahrnehmung. Sie erleben den Wechsel von Licht und Schatten.\u00a0Die Kinder beobachten Tiere. Die Stille in der Natur l\u00e4sst die Kinder wieder horchen.<\/span><\/p>\n<p><span style=\"color: #800000;\">\u00a0<b>Umwelt<\/b> erlebnisreich erfassen<br \/>\nDie Kinder entdecken Tiere, lernen ihr Verhalten kennen. Sie sammeln St\u00f6cke, Eicheln, Kastanien u.v.m. Sie erleben verschiedene Witterung und die Unebenheiten des Weges.<br \/>\nSie d\u00fcrfen durch nasses Gel\u00e4nde laufen.<br \/>\nKinder, die in ihrer Kindheit klettern konnten und gelernt haben hinzufallen, ohne sich zu verletzen, gewinnen Sicherheit und Selbstbewusstsein.<\/span><\/p>\n<p style=\"text-align: left;\"><span style=\"color: #800000;\">\u00a0<b>Naturbewusstsein<\/b> herausbilden<br \/>\nDie Kinder lernen auf Dauer verantwortlich mit ihrer Umwelt umzugehen. Flora und Fauna werden als liebens-, lebens- und sch\u00fctzenswert empfunden.<br \/>\nDurch den Kontakt zur Natur lernen die Kinder Alternativen zu den Konsumg\u00fctern zu finden, sie improvisieren mehr ihr Spiel, greifen Ideen auf.<\/span><\/p>\n<p><span style=\"color: #800000;\">\u00a0<strong>Naturgegebene Gesundheitsf\u00f6rderung<br \/>\n<\/strong>Durch die Konfrontation mit den Jahreszeiten, mit Wind und Wetter, werden die Abwehrkr\u00e4fte des K\u00f6rpers st\u00e4ndig gefordert. Diese\u00a0 Anreize st\u00e4rken das Immunsystem. Ansteckende Krankheiten werden daher nicht so schnell \u00fcbertragen.<\/span><\/p>\n<p style=\"text-align: center;\">\n","protected":false},"excerpt":{"rendered":"<p>Die Betreuung der Kleinsten findet bei mir als Tagesmutter in einem famili\u00e4ren Rahmen statt. So genie\u00dfen wir die Mahlzeiten zusammen am Esstisch, k\u00f6nnen dabei auch kleine Unterhaltungen f\u00fchren.\u00a0 Die Kleinen erleben, beteiligen sich bei der Essenzubereitung.\u00a0 Sie sehen Anbau und Pflege von Gem\u00fcse und Obst. Gerne ernten und naschen sie auch davon. Ganz toll finden [&hellip;]<\/p>\n","protected":false},"author":1,"featured_media":0,"parent":0,"menu_order":3,"comment_status":"closed","ping_status":"closed","template":"","meta":{"footnotes":""},"class_list":["post-41","page","type-page","status-publish","hentry"],"_links":{"self":[{"href":"https:\/\/www.naturverbundene-kinderbetreuung.de\/index.php?rest_route=\/wp\/v2\/pages\/41","targetHints":{"allow":["GET"]}}],"collection":[{"href":"https:\/\/www.naturverbundene-kinderbetreuung.de\/index.php?rest_route=\/wp\/v2\/pages"}],"about":[{"href":"https:\/\/www.naturverbundene-kinderbetreuung.de\/index.php?rest_route=\/wp\/v2\/types\/page"}],"author":[{"embeddable":true,"href":"https:\/\/www.naturverbundene-kinderbetreuung.de\/index.php?rest_route=\/wp\/v2\/users\/1"}],"replies":[{"embeddable":true,"href":"https:\/\/www.naturverbundene-kinderbetreuung.de\/index.php?rest_route=%2Fwp%2Fv2%2Fcomments&post=41"}],"version-history":[{"count":69,"href":"https:\/\/www.naturverbundene-kinderbetreuung.de\/index.php?rest_route=\/wp\/v2\/pages\/41\/revisions"}],"predecessor-version":[{"id":1765,"href":"https:\/\/www.naturverbundene-kinderbetreuung.de\/index.php?rest_route=\/wp\/v2\/pages\/41\/revisions\/1765"}],"wp:attachment":[{"href":"https:\/\/www.naturverbundene-kinderbetreuung.de\/index.php?rest_route=%2Fwp%2Fv2%2Fmedia&parent=41"}],"curies":[{"name":"wp","href":"https:\/\/api.w.org\/{rel}","templated":true}]}}