{"id":52,"date":"2013-10-11T11:59:33","date_gmt":"2013-10-11T09:59:33","guid":{"rendered":"http:\/\/www.naturverbundene-kinderbetreuung.de\/?page_id=52"},"modified":"2025-02-16T18:55:53","modified_gmt":"2025-02-16T16:55:53","slug":"kreatives-gestalten","status":"publish","type":"page","link":"https:\/\/www.naturverbundene-kinderbetreuung.de\/?page_id=52","title":{"rendered":"Kreatives Gestalten"},"content":{"rendered":"<p><a href=\"http:\/\/www.naturverbundene-kinderbetreuung.de\/wp-content\/uploads\/2014\/12\/B\u00e4r-2.jpg\"><img loading=\"lazy\" decoding=\"async\" class=\"alignleft wp-image-1083\" src=\"http:\/\/www.naturverbundene-kinderbetreuung.de\/wp-content\/uploads\/2014\/12\/B\u00e4r-2.jpg\" alt=\"\" width=\"150\" height=\"184\" srcset=\"https:\/\/www.naturverbundene-kinderbetreuung.de\/wp-content\/uploads\/2014\/12\/B\u00e4r-2.jpg 496w, https:\/\/www.naturverbundene-kinderbetreuung.de\/wp-content\/uploads\/2014\/12\/B\u00e4r-2-245x300.jpg 245w\" sizes=\"auto, (max-width: 150px) 100vw, 150px\" \/><\/a><span style=\"color: #800000;\">F\u00f6rdert &#8222;Kreativit\u00e4t&#8220;, auch f\u00fcrs weitere Leben,<\/span><br \/><span style=\"color: #800000;\">Finden von L\u00f6sungen bei neuen Herausforderungen,<\/span><br \/><span style=\"color: #800000;\">Durch Lernprozesse werden L\u00f6sungen bei anderen Aufgaben gefunden<\/span><\/p>\r\n<p><span style=\"color: #800000;\">Hier ein Paar Beispiele aus mehreren Jahren.<\/span><\/p>\r\n<ul>\r\n<li style=\"list-style-type: none;\">\u00a0<\/li>\r\n<\/ul>\r\n<p><a href=\"http:\/\/www.naturverbundene-kinderbetreuung.de\/wp-content\/uploads\/2013\/10\/Bild-aus-Kreppschnipseln.jpg\"><img loading=\"lazy\" decoding=\"async\" class=\"wp-image-1172 size-medium aligncenter\" src=\"http:\/\/www.naturverbundene-kinderbetreuung.de\/wp-content\/uploads\/2013\/10\/Bild-aus-Kreppschnipseln-300x216.jpg\" alt=\"\" width=\"300\" height=\"216\" srcset=\"https:\/\/www.naturverbundene-kinderbetreuung.de\/wp-content\/uploads\/2013\/10\/Bild-aus-Kreppschnipseln-300x216.jpg 300w, https:\/\/www.naturverbundene-kinderbetreuung.de\/wp-content\/uploads\/2013\/10\/Bild-aus-Kreppschnipseln-768x554.jpg 768w, https:\/\/www.naturverbundene-kinderbetreuung.de\/wp-content\/uploads\/2013\/10\/Bild-aus-Kreppschnipseln.jpg 1000w\" sizes=\"auto, (max-width: 300px) 100vw, 300px\" \/><\/a><\/p>\r\n<hr \/>\r\n<p><a href=\"http:\/\/www.naturverbundene-kinderbetreuung.de\/wp-content\/uploads\/2013\/10\/Bild-aus-verd\u00fcnnter-Tusche-und-Krepp.jpg\"><img loading=\"lazy\" decoding=\"async\" class=\"wp-image-1173 size-medium aligncenter\" src=\"http:\/\/www.naturverbundene-kinderbetreuung.de\/wp-content\/uploads\/2013\/10\/Bild-aus-verd\u00fcnnter-Tusche-und-Krepp-300x192.jpg\" alt=\"\" width=\"300\" height=\"192\" srcset=\"https:\/\/www.naturverbundene-kinderbetreuung.de\/wp-content\/uploads\/2013\/10\/Bild-aus-verd\u00fcnnter-Tusche-und-Krepp-300x192.jpg 300w, https:\/\/www.naturverbundene-kinderbetreuung.de\/wp-content\/uploads\/2013\/10\/Bild-aus-verd\u00fcnnter-Tusche-und-Krepp-768x492.jpg 768w, https:\/\/www.naturverbundene-kinderbetreuung.de\/wp-content\/uploads\/2013\/10\/Bild-aus-verd\u00fcnnter-Tusche-und-Krepp.jpg 1000w\" sizes=\"auto, (max-width: 300px) 100vw, 300px\" \/><\/a><\/p>\r\n<hr \/>\r\n<p><a href=\"http:\/\/www.naturverbundene-kinderbetreuung.de\/wp-content\/uploads\/2013\/10\/Bild-mit-F\u00fcssen-gemacht.jpg\"><img loading=\"lazy\" decoding=\"async\" class=\"wp-image-1174 size-full aligncenter\" src=\"http:\/\/www.naturverbundene-kinderbetreuung.de\/wp-content\/uploads\/2013\/10\/Bild-mit-F\u00fcssen-gemacht.jpg\" alt=\"\" width=\"1000\" height=\"238\" srcset=\"https:\/\/www.naturverbundene-kinderbetreuung.de\/wp-content\/uploads\/2013\/10\/Bild-mit-F\u00fcssen-gemacht.jpg 1000w, https:\/\/www.naturverbundene-kinderbetreuung.de\/wp-content\/uploads\/2013\/10\/Bild-mit-F\u00fcssen-gemacht-300x71.jpg 300w, https:\/\/www.naturverbundene-kinderbetreuung.de\/wp-content\/uploads\/2013\/10\/Bild-mit-F\u00fcssen-gemacht-768x183.jpg 768w\" sizes=\"auto, (max-width: 1000px) 100vw, 1000px\" \/><\/a><\/p>\r\n<hr \/>\r\n<p><a href=\"http:\/\/www.naturverbundene-kinderbetreuung.de\/wp-content\/uploads\/2013\/10\/Bild-mit-Klorolle-gemalt.jpg\"><img loading=\"lazy\" decoding=\"async\" class=\"aligncenter wp-image-1175 size-medium\" src=\"http:\/\/www.naturverbundene-kinderbetreuung.de\/wp-content\/uploads\/2013\/10\/Bild-mit-Klorolle-gemalt-285x300.jpg\" alt=\"\" width=\"285\" height=\"300\" srcset=\"https:\/\/www.naturverbundene-kinderbetreuung.de\/wp-content\/uploads\/2013\/10\/Bild-mit-Klorolle-gemalt-285x300.jpg 285w, https:\/\/www.naturverbundene-kinderbetreuung.de\/wp-content\/uploads\/2013\/10\/Bild-mit-Klorolle-gemalt-768x808.jpg 768w, https:\/\/www.naturverbundene-kinderbetreuung.de\/wp-content\/uploads\/2013\/10\/Bild-mit-Klorolle-gemalt-973x1024.jpg 973w, https:\/\/www.naturverbundene-kinderbetreuung.de\/wp-content\/uploads\/2013\/10\/Bild-mit-Klorolle-gemalt.jpg 1000w\" sizes=\"auto, (max-width: 285px) 100vw, 285px\" \/><\/a><\/p>\r\n<hr \/>\r\n<p><a href=\"http:\/\/www.naturverbundene-kinderbetreuung.de\/wp-content\/uploads\/2013\/10\/Bild-mit-Murmeln-gemacht-1.jpg\"><img loading=\"lazy\" decoding=\"async\" class=\"aligncenter wp-image-1181 size-medium\" src=\"http:\/\/www.naturverbundene-kinderbetreuung.de\/wp-content\/uploads\/2013\/10\/Bild-mit-Murmeln-gemacht-1-279x300.jpg\" alt=\"\" width=\"279\" height=\"300\" srcset=\"https:\/\/www.naturverbundene-kinderbetreuung.de\/wp-content\/uploads\/2013\/10\/Bild-mit-Murmeln-gemacht-1-279x300.jpg 279w, https:\/\/www.naturverbundene-kinderbetreuung.de\/wp-content\/uploads\/2013\/10\/Bild-mit-Murmeln-gemacht-1-768x825.jpg 768w, https:\/\/www.naturverbundene-kinderbetreuung.de\/wp-content\/uploads\/2013\/10\/Bild-mit-Murmeln-gemacht-1-953x1024.jpg 953w, https:\/\/www.naturverbundene-kinderbetreuung.de\/wp-content\/uploads\/2013\/10\/Bild-mit-Murmeln-gemacht-1.jpg 1000w\" sizes=\"auto, (max-width: 279px) 100vw, 279px\" \/><\/a><a href=\"http:\/\/www.naturverbundene-kinderbetreuung.de\/wp-content\/uploads\/2013\/10\/Bild-Murmeln.jpg\"><img loading=\"lazy\" decoding=\"async\" class=\"aligncenter wp-image-1177 size-medium\" src=\"http:\/\/www.naturverbundene-kinderbetreuung.de\/wp-content\/uploads\/2013\/10\/Bild-Murmeln-300x218.jpg\" alt=\"\" width=\"300\" height=\"218\" srcset=\"https:\/\/www.naturverbundene-kinderbetreuung.de\/wp-content\/uploads\/2013\/10\/Bild-Murmeln-300x218.jpg 300w, https:\/\/www.naturverbundene-kinderbetreuung.de\/wp-content\/uploads\/2013\/10\/Bild-Murmeln-768x559.jpg 768w, https:\/\/www.naturverbundene-kinderbetreuung.de\/wp-content\/uploads\/2013\/10\/Bild-Murmeln.jpg 1000w\" sizes=\"auto, (max-width: 300px) 100vw, 300px\" \/><\/a> <a href=\"http:\/\/www.naturverbundene-kinderbetreuung.de\/wp-content\/uploads\/2013\/10\/Murmelbild-mit-Rahmen.jpg\"><img loading=\"lazy\" decoding=\"async\" class=\"aligncenter wp-image-1178\" src=\"http:\/\/www.naturverbundene-kinderbetreuung.de\/wp-content\/uploads\/2013\/10\/Murmelbild-mit-Rahmen-300x141.jpg\" alt=\"\" width=\"351\" height=\"165\" srcset=\"https:\/\/www.naturverbundene-kinderbetreuung.de\/wp-content\/uploads\/2013\/10\/Murmelbild-mit-Rahmen-300x141.jpg 300w, https:\/\/www.naturverbundene-kinderbetreuung.de\/wp-content\/uploads\/2013\/10\/Murmelbild-mit-Rahmen-768x361.jpg 768w, https:\/\/www.naturverbundene-kinderbetreuung.de\/wp-content\/uploads\/2013\/10\/Murmelbild-mit-Rahmen.jpg 1000w\" sizes=\"auto, (max-width: 351px) 100vw, 351px\" \/><\/a><\/p>\r\n<hr \/>\r\n<p><a href=\"http:\/\/www.naturverbundene-kinderbetreuung.de\/wp-content\/uploads\/2013\/10\/Bild-unter-Folie.jpg\"><img loading=\"lazy\" decoding=\"async\" class=\"aligncenter wp-image-1179 size-medium\" src=\"http:\/\/www.naturverbundene-kinderbetreuung.de\/wp-content\/uploads\/2013\/10\/Bild-unter-Folie-225x300.jpg\" alt=\"\" width=\"225\" height=\"300\" srcset=\"https:\/\/www.naturverbundene-kinderbetreuung.de\/wp-content\/uploads\/2013\/10\/Bild-unter-Folie-225x300.jpg 225w, https:\/\/www.naturverbundene-kinderbetreuung.de\/wp-content\/uploads\/2013\/10\/Bild-unter-Folie-768x1024.jpg 768w, https:\/\/www.naturverbundene-kinderbetreuung.de\/wp-content\/uploads\/2013\/10\/Bild-unter-Folie.jpg 1000w\" sizes=\"auto, (max-width: 225px) 100vw, 225px\" \/><\/a><\/p>\r\n<hr \/>\r\n<p><a href=\"http:\/\/www.naturverbundene-kinderbetreuung.de\/wp-content\/uploads\/2018\/12\/P1060376.jpg\"><img loading=\"lazy\" decoding=\"async\" class=\"wp-image-1248 size-medium aligncenter\" src=\"http:\/\/www.naturverbundene-kinderbetreuung.de\/wp-content\/uploads\/2018\/12\/P1060376-235x300.jpg\" alt=\"\" width=\"235\" height=\"300\" srcset=\"https:\/\/www.naturverbundene-kinderbetreuung.de\/wp-content\/uploads\/2018\/12\/P1060376-235x300.jpg 235w, https:\/\/www.naturverbundene-kinderbetreuung.de\/wp-content\/uploads\/2018\/12\/P1060376-768x981.jpg 768w, https:\/\/www.naturverbundene-kinderbetreuung.de\/wp-content\/uploads\/2018\/12\/P1060376-801x1024.jpg 801w, https:\/\/www.naturverbundene-kinderbetreuung.de\/wp-content\/uploads\/2018\/12\/P1060376.jpg 1001w\" sizes=\"auto, (max-width: 235px) 100vw, 235px\" \/><\/a><\/p>\r\n<p style=\"text-align: center;\"><span style=\"color: #008000;\"><strong>\u00a0<\/strong><\/span><\/p>\r\n<hr \/>\r\n<p><a href=\"http:\/\/www.naturverbundene-kinderbetreuung.de\/wp-content\/uploads\/2018\/12\/P1060387.jpg\"><img loading=\"lazy\" decoding=\"async\" class=\"aligncenter wp-image-1249 \" src=\"http:\/\/www.naturverbundene-kinderbetreuung.de\/wp-content\/uploads\/2018\/12\/P1060387-1024x581.jpg\" alt=\"\" width=\"506\" height=\"287\" srcset=\"https:\/\/www.naturverbundene-kinderbetreuung.de\/wp-content\/uploads\/2018\/12\/P1060387-1024x581.jpg 1024w, https:\/\/www.naturverbundene-kinderbetreuung.de\/wp-content\/uploads\/2018\/12\/P1060387-300x170.jpg 300w, https:\/\/www.naturverbundene-kinderbetreuung.de\/wp-content\/uploads\/2018\/12\/P1060387-768x436.jpg 768w\" sizes=\"auto, (max-width: 506px) 100vw, 506px\" \/><\/a><\/p>\r\n<hr \/>\r\n<p><a href=\"http:\/\/www.naturverbundene-kinderbetreuung.de\/wp-content\/uploads\/2018\/12\/P1060398.jpg\"><img loading=\"lazy\" decoding=\"async\" class=\"aligncenter wp-image-1250 size-medium\" src=\"http:\/\/www.naturverbundene-kinderbetreuung.de\/wp-content\/uploads\/2018\/12\/P1060398-300x160.jpg\" alt=\"\" width=\"300\" height=\"160\" srcset=\"https:\/\/www.naturverbundene-kinderbetreuung.de\/wp-content\/uploads\/2018\/12\/P1060398-300x160.jpg 300w, https:\/\/www.naturverbundene-kinderbetreuung.de\/wp-content\/uploads\/2018\/12\/P1060398-768x410.jpg 768w, https:\/\/www.naturverbundene-kinderbetreuung.de\/wp-content\/uploads\/2018\/12\/P1060398-1024x546.jpg 1024w\" sizes=\"auto, (max-width: 300px) 100vw, 300px\" \/><\/a><\/p>\r\n<hr \/>\r\n<p style=\"text-align: center;\"><span style=\"color: #000000;\">\u00a0<\/span><\/p>\r\n<p style=\"text-align: center;\"><span style=\"color: #000000;\"><a href=\"http:\/\/www.naturverbundene-kinderbetreuung.de\/wp-content\/uploads\/2018\/12\/P1060399.jpg\"><img loading=\"lazy\" decoding=\"async\" class=\"aligncenter wp-image-1251 size-medium\" src=\"http:\/\/www.naturverbundene-kinderbetreuung.de\/wp-content\/uploads\/2018\/12\/P1060399-300x225.jpg\" alt=\"\" width=\"300\" height=\"225\" srcset=\"https:\/\/www.naturverbundene-kinderbetreuung.de\/wp-content\/uploads\/2018\/12\/P1060399-300x225.jpg 300w, https:\/\/www.naturverbundene-kinderbetreuung.de\/wp-content\/uploads\/2018\/12\/P1060399-768x576.jpg 768w, https:\/\/www.naturverbundene-kinderbetreuung.de\/wp-content\/uploads\/2018\/12\/P1060399-1024x768.jpg 1024w\" sizes=\"auto, (max-width: 300px) 100vw, 300px\" \/><\/a>\u00a0<\/span><\/p>\r\n<hr \/>\r\n<div class=\"wp-block-image\">\r\n<figure class=\"aligncenter is-resized\"><img loading=\"lazy\" decoding=\"async\" class=\"wp-image-1297 aligncenter\" src=\"http:\/\/www.naturverbundene-kinderbetreuung.de\/wp-content\/uploads\/2019\/09\/P1060418-1024x768.jpg\" alt=\"\" width=\"350\" height=\"384\" \/><\/figure>\r\n<\/div>\r\n\r\n\r\n\r\n<div class=\"wp-block-image\">\r\n<figure class=\"aligncenter is-resized\"><img loading=\"lazy\" decoding=\"async\" class=\"wp-image-1302 aligncenter\" src=\"http:\/\/www.naturverbundene-kinderbetreuung.de\/wp-content\/uploads\/2019\/09\/P1060405-206x300.jpg\" alt=\"\" width=\"259\" height=\"300\" \/><\/figure>\r\n<\/div>\r\n\r\n\r\n\r\n<p>&nbsp;<\/p>\r\n\r\n\r\n\r\n<p>&nbsp;<\/p>\r\n\r\n\r\n\r\n<div class=\"wp-block-image\">\r\n<figure class=\"aligncenter is-resized\"><img loading=\"lazy\" decoding=\"async\" class=\"wp-image-1303 aligncenter\" src=\"http:\/\/www.naturverbundene-kinderbetreuung.de\/wp-content\/uploads\/2019\/09\/P1060448-1024x433.jpg\" alt=\"\" width=\"512\" height=\"217\" srcset=\"https:\/\/www.naturverbundene-kinderbetreuung.de\/wp-content\/uploads\/2019\/09\/P1060448-1024x433.jpg 1024w, https:\/\/www.naturverbundene-kinderbetreuung.de\/wp-content\/uploads\/2019\/09\/P1060448-300x127.jpg 300w, https:\/\/www.naturverbundene-kinderbetreuung.de\/wp-content\/uploads\/2019\/09\/P1060448-768x325.jpg 768w, https:\/\/www.naturverbundene-kinderbetreuung.de\/wp-content\/uploads\/2019\/09\/P1060448.jpg 1500w\" sizes=\"auto, (max-width: 512px) 100vw, 512px\" \/><\/figure>\r\n<\/div>\r\n\r\n\r\n\r\n<div class=\"wp-block-image\">\r\n<figure class=\"aligncenter size-large is-resized\"><img loading=\"lazy\" decoding=\"async\" class=\"wp-image-1405 aligncenter\" src=\"http:\/\/www.naturverbundene-kinderbetreuung.de\/wp-content\/uploads\/2020\/05\/P1060852.jpg\" alt=\"\" width=\"275\" height=\"208\" srcset=\"https:\/\/www.naturverbundene-kinderbetreuung.de\/wp-content\/uploads\/2020\/05\/P1060852.jpg 419w, https:\/\/www.naturverbundene-kinderbetreuung.de\/wp-content\/uploads\/2020\/05\/P1060852-300x227.jpg 300w\" sizes=\"auto, (max-width: 275px) 100vw, 275px\" \/><\/figure>\r\n<\/div>\r\n\r\n\r\n\r\n<div class=\"wp-block-image\">\r\n<figure class=\"aligncenter size-large is-resized\"><img loading=\"lazy\" decoding=\"async\" class=\"wp-image-1406 aligncenter\" src=\"http:\/\/www.naturverbundene-kinderbetreuung.de\/wp-content\/uploads\/2020\/05\/P1060853.jpg\" alt=\"\" width=\"493\" height=\"145\" srcset=\"https:\/\/www.naturverbundene-kinderbetreuung.de\/wp-content\/uploads\/2020\/05\/P1060853.jpg 727w, https:\/\/www.naturverbundene-kinderbetreuung.de\/wp-content\/uploads\/2020\/05\/P1060853-300x89.jpg 300w\" sizes=\"auto, (max-width: 493px) 100vw, 493px\" \/><\/figure>\r\n<\/div>\r\n\r\n\r\n\r\n<div class=\"wp-block-image\">\r\n<figure class=\"aligncenter size-large is-resized\"><img loading=\"lazy\" decoding=\"async\" class=\"wp-image-1407 aligncenter\" src=\"http:\/\/www.naturverbundene-kinderbetreuung.de\/wp-content\/uploads\/2020\/05\/P1060856-851x1024.jpg\" alt=\"\" width=\"246\" height=\"295\" srcset=\"https:\/\/www.naturverbundene-kinderbetreuung.de\/wp-content\/uploads\/2020\/05\/P1060856-851x1024.jpg 851w, https:\/\/www.naturverbundene-kinderbetreuung.de\/wp-content\/uploads\/2020\/05\/P1060856-249x300.jpg 249w, https:\/\/www.naturverbundene-kinderbetreuung.de\/wp-content\/uploads\/2020\/05\/P1060856-768x924.jpg 768w, https:\/\/www.naturverbundene-kinderbetreuung.de\/wp-content\/uploads\/2020\/05\/P1060856.jpg 885w\" sizes=\"auto, (max-width: 246px) 100vw, 246px\" \/><\/figure>\r\n<\/div>\r\n\r\n\r\n\r\n<div class=\"wp-block-image\">\r\n<figure class=\"aligncenter is-resized\"><img loading=\"lazy\" decoding=\"async\" class=\"wp-image-1305 aligncenter\" src=\"http:\/\/www.naturverbundene-kinderbetreuung.de\/wp-content\/uploads\/2019\/09\/P1060643-1024x494.jpg\" alt=\"\" width=\"512\" height=\"247\" srcset=\"https:\/\/www.naturverbundene-kinderbetreuung.de\/wp-content\/uploads\/2019\/09\/P1060643-1024x494.jpg 1024w, https:\/\/www.naturverbundene-kinderbetreuung.de\/wp-content\/uploads\/2019\/09\/P1060643-300x145.jpg 300w, https:\/\/www.naturverbundene-kinderbetreuung.de\/wp-content\/uploads\/2019\/09\/P1060643-768x371.jpg 768w, https:\/\/www.naturverbundene-kinderbetreuung.de\/wp-content\/uploads\/2019\/09\/P1060643.jpg 2000w\" sizes=\"auto, (max-width: 512px) 100vw, 512px\" \/><\/figure>\r\n<\/div>\r\n\r\n\r\n\r\n<p>&nbsp;<\/p>\r\n\r\n\r\n\r\n<div class=\"wp-block-image\">\r\n<figure class=\"aligncenter is-resized\"><img loading=\"lazy\" decoding=\"async\" class=\"wp-image-1304 aligncenter\" src=\"http:\/\/www.naturverbundene-kinderbetreuung.de\/wp-content\/uploads\/2019\/09\/P1060636-1024x768.jpg\" alt=\"\" width=\"450\" height=\"384\" \/><\/figure>\r\n<\/div>\r\n\r\n\r\n\r\n<div class=\"wp-block-image\">\r\n<figure class=\"aligncenter size-large is-resized\"><img loading=\"lazy\" decoding=\"async\" class=\"wp-image-1398 aligncenter\" src=\"http:\/\/www.naturverbundene-kinderbetreuung.de\/wp-content\/uploads\/2020\/05\/P1060392-1024x587.jpg\" alt=\"\" width=\"513\" height=\"294\" srcset=\"https:\/\/www.naturverbundene-kinderbetreuung.de\/wp-content\/uploads\/2020\/05\/P1060392-1024x587.jpg 1024w, https:\/\/www.naturverbundene-kinderbetreuung.de\/wp-content\/uploads\/2020\/05\/P1060392-300x172.jpg 300w, https:\/\/www.naturverbundene-kinderbetreuung.de\/wp-content\/uploads\/2020\/05\/P1060392-768x440.jpg 768w, https:\/\/www.naturverbundene-kinderbetreuung.de\/wp-content\/uploads\/2020\/05\/P1060392.jpg 1500w\" sizes=\"auto, (max-width: 513px) 100vw, 513px\" \/><\/figure>\r\n<\/div>\r\n\r\n\r\n\r\n<div class=\"wp-block-image\">\r\n<figure class=\"aligncenter size-large is-resized\"><img loading=\"lazy\" decoding=\"async\" class=\"wp-image-1400 aligncenter\" src=\"http:\/\/www.naturverbundene-kinderbetreuung.de\/wp-content\/uploads\/2020\/05\/P1060635-1024x528.jpg\" alt=\"\" width=\"369\" height=\"190\" srcset=\"https:\/\/www.naturverbundene-kinderbetreuung.de\/wp-content\/uploads\/2020\/05\/P1060635-1024x528.jpg 1024w, https:\/\/www.naturverbundene-kinderbetreuung.de\/wp-content\/uploads\/2020\/05\/P1060635-300x155.jpg 300w, https:\/\/www.naturverbundene-kinderbetreuung.de\/wp-content\/uploads\/2020\/05\/P1060635-768x396.jpg 768w, https:\/\/www.naturverbundene-kinderbetreuung.de\/wp-content\/uploads\/2020\/05\/P1060635.jpg 1111w\" sizes=\"auto, (max-width: 369px) 100vw, 369px\" \/><\/figure>\r\n<\/div>\r\n\r\n\r\n\r\n<div class=\"wp-block-image\">\r\n<figure class=\"aligncenter size-large is-resized\"><img loading=\"lazy\" decoding=\"async\" class=\"wp-image-1401 aligncenter\" src=\"http:\/\/www.naturverbundene-kinderbetreuung.de\/wp-content\/uploads\/2020\/05\/P1060839.jpg\" alt=\"\" width=\"334\" height=\"408\" srcset=\"https:\/\/www.naturverbundene-kinderbetreuung.de\/wp-content\/uploads\/2020\/05\/P1060839.jpg 443w, https:\/\/www.naturverbundene-kinderbetreuung.de\/wp-content\/uploads\/2020\/05\/P1060839-246x300.jpg 246w\" sizes=\"auto, (max-width: 334px) 100vw, 334px\" \/><\/figure>\r\n<\/div>\r\n\r\n\r\n\r\n<div class=\"wp-block-image\">\r\n<figure class=\"aligncenter size-large is-resized\"><img loading=\"lazy\" decoding=\"async\" class=\"wp-image-1402 aligncenter\" src=\"http:\/\/www.naturverbundene-kinderbetreuung.de\/wp-content\/uploads\/2020\/05\/P1060840.jpg\" alt=\"\" width=\"295\" height=\"403\" srcset=\"https:\/\/www.naturverbundene-kinderbetreuung.de\/wp-content\/uploads\/2020\/05\/P1060840.jpg 485w, https:\/\/www.naturverbundene-kinderbetreuung.de\/wp-content\/uploads\/2020\/05\/P1060840-219x300.jpg 219w\" sizes=\"auto, (max-width: 295px) 100vw, 295px\" \/><\/figure>\r\n<\/div>\r\n\r\n\r\n\r\n<div class=\"wp-block-image\">\r\n<figure class=\"aligncenter size-large is-resized\"><img loading=\"lazy\" decoding=\"async\" class=\"wp-image-1399 aligncenter\" src=\"http:\/\/www.naturverbundene-kinderbetreuung.de\/wp-content\/uploads\/2020\/05\/P1060587-1024x658.jpg\" alt=\"\" width=\"409\" height=\"262\" srcset=\"https:\/\/www.naturverbundene-kinderbetreuung.de\/wp-content\/uploads\/2020\/05\/P1060587-1024x658.jpg 1024w, https:\/\/www.naturverbundene-kinderbetreuung.de\/wp-content\/uploads\/2020\/05\/P1060587-300x193.jpg 300w, https:\/\/www.naturverbundene-kinderbetreuung.de\/wp-content\/uploads\/2020\/05\/P1060587-768x494.jpg 768w, https:\/\/www.naturverbundene-kinderbetreuung.de\/wp-content\/uploads\/2020\/05\/P1060587.jpg 1097w\" sizes=\"auto, (max-width: 409px) 100vw, 409px\" \/><\/figure>\r\n<\/div>\r\n\r\n\r\n\r\n<div class=\"wp-block-image is-style-default\">\r\n<figure class=\"aligncenter size-large is-resized\"><img loading=\"lazy\" decoding=\"async\" class=\"wp-image-1395 aligncenter\" src=\"http:\/\/www.naturverbundene-kinderbetreuung.de\/wp-content\/uploads\/2020\/05\/P1060917-1024x591.jpg\" alt=\"\" width=\"475\" height=\"274\" srcset=\"https:\/\/www.naturverbundene-kinderbetreuung.de\/wp-content\/uploads\/2020\/05\/P1060917-1024x591.jpg 1024w, https:\/\/www.naturverbundene-kinderbetreuung.de\/wp-content\/uploads\/2020\/05\/P1060917-300x173.jpg 300w, https:\/\/www.naturverbundene-kinderbetreuung.de\/wp-content\/uploads\/2020\/05\/P1060917-768x443.jpg 768w, https:\/\/www.naturverbundene-kinderbetreuung.de\/wp-content\/uploads\/2020\/05\/P1060917.jpg 1500w\" sizes=\"auto, (max-width: 475px) 100vw, 475px\" \/><\/figure>\r\n<\/div>\r\n\r\n\r\n","protected":false},"excerpt":{"rendered":"<p>F\u00f6rdert &#8222;Kreativit\u00e4t&#8220;, auch f\u00fcrs weitere Leben,Finden von L\u00f6sungen bei neuen Herausforderungen,Durch Lernprozesse werden L\u00f6sungen bei anderen Aufgaben gefunden Hier ein Paar Beispiele aus mehreren Jahren. \u00a0 \u00a0 \u00a0 \u00a0 &nbsp; &nbsp; &nbsp;<\/p>\n","protected":false},"author":1,"featured_media":0,"parent":0,"menu_order":5,"comment_status":"closed","ping_status":"closed","template":"","meta":{"footnotes":""},"class_list":["post-52","page","type-page","status-publish","hentry"],"_links":{"self":[{"href":"https:\/\/www.naturverbundene-kinderbetreuung.de\/index.php?rest_route=\/wp\/v2\/pages\/52","targetHints":{"allow":["GET"]}}],"collection":[{"href":"https:\/\/www.naturverbundene-kinderbetreuung.de\/index.php?rest_route=\/wp\/v2\/pages"}],"about":[{"href":"https:\/\/www.naturverbundene-kinderbetreuung.de\/index.php?rest_route=\/wp\/v2\/types\/page"}],"author":[{"embeddable":true,"href":"https:\/\/www.naturverbundene-kinderbetreuung.de\/index.php?rest_route=\/wp\/v2\/users\/1"}],"replies":[{"embeddable":true,"href":"https:\/\/www.naturverbundene-kinderbetreuung.de\/index.php?rest_route=%2Fwp%2Fv2%2Fcomments&post=52"}],"version-history":[{"count":90,"href":"https:\/\/www.naturverbundene-kinderbetreuung.de\/index.php?rest_route=\/wp\/v2\/pages\/52\/revisions"}],"predecessor-version":[{"id":1721,"href":"https:\/\/www.naturverbundene-kinderbetreuung.de\/index.php?rest_route=\/wp\/v2\/pages\/52\/revisions\/1721"}],"wp:attachment":[{"href":"https:\/\/www.naturverbundene-kinderbetreuung.de\/index.php?rest_route=%2Fwp%2Fv2%2Fmedia&parent=52"}],"curies":[{"name":"wp","href":"https:\/\/api.w.org\/{rel}","templated":true}]}}